{"id":314,"date":"2012-05-14T07:00:37","date_gmt":"2012-05-14T07:00:37","guid":{"rendered":"http:\/\/ulrichneininger.de\/?page_id=314"},"modified":"2016-03-30T14:48:15","modified_gmt":"2016-03-30T12:48:15","slug":"der-nichts-als-ein-kopf","status":"publish","type":"page","link":"https:\/\/ulrichneininger.de\/?page_id=314","title":{"rendered":"Der Nichts\u2013als\u2013ein\u2013Kopf. M\u00e4rchen der Kachin"},"content":{"rendered":"<p style=\"text-align: left;\"><em>Am Abend sprach die Prinzessin zum Kopf:\u00a0\u201eKopf, mein Ge\u00admahl, lass uns zu Bett gehen.<br \/>\nIch schlie\u00dfe die Augen, und du kommst schnell aus deiner H\u00fclle heraus.\u201c<\/em><\/p>\n<p style=\"text-align: left;\"><a href=\"http:\/\/www.amazon.com\/Nichts-als-ein-Kopf-M\u00e4rchen-Grenzgebiet-Edition-ebook\/dp\/B00865MDLK\" target=\"_blank\"><img loading=\"lazy\" decoding=\"async\" data-attachment-id=\"395\" data-permalink=\"https:\/\/ulrichneininger.de\/?attachment_id=395\" data-orig-file=\"https:\/\/i0.wp.com\/ulrichneininger.de\/wordpress\/wp-content\/uploads\/2012\/03\/Band1_Webpage.jpg?fit=651%2C800&amp;ssl=1\" data-orig-size=\"651,800\" data-comments-opened=\"0\" data-image-meta=\"{&quot;aperture&quot;:&quot;0&quot;,&quot;credit&quot;:&quot;&quot;,&quot;camera&quot;:&quot;&quot;,&quot;caption&quot;:&quot;&quot;,&quot;created_timestamp&quot;:&quot;0&quot;,&quot;copyright&quot;:&quot;&quot;,&quot;focal_length&quot;:&quot;0&quot;,&quot;iso&quot;:&quot;0&quot;,&quot;shutter_speed&quot;:&quot;0&quot;,&quot;title&quot;:&quot;&quot;}\" data-image-title=\"Band1_Webpage\" data-image-description=\"\" data-medium-file=\"https:\/\/i0.wp.com\/ulrichneininger.de\/wordpress\/wp-content\/uploads\/2012\/03\/Band1_Webpage.jpg?fit=244%2C300&amp;ssl=1\" data-large-file=\"https:\/\/i0.wp.com\/ulrichneininger.de\/wordpress\/wp-content\/uploads\/2012\/03\/Band1_Webpage.jpg?fit=584%2C718&amp;ssl=1\" class=\"size-medium wp-image-395 alignleft\" style=\"margin: 10px 40px 10px 40px;\" title=\"Band1_Webpage\" src=\"https:\/\/i0.wp.com\/ulrichneininger.de\/wordpress\/wp-content\/uploads\/2012\/03\/Band1_Webpage.jpg?resize=244%2C300\" alt=\"\" width=\"244\" height=\"300\" srcset=\"https:\/\/i0.wp.com\/ulrichneininger.de\/wordpress\/wp-content\/uploads\/2012\/03\/Band1_Webpage.jpg?resize=244%2C300&amp;ssl=1 244w, https:\/\/i0.wp.com\/ulrichneininger.de\/wordpress\/wp-content\/uploads\/2012\/03\/Band1_Webpage.jpg?w=651&amp;ssl=1 651w\" sizes=\"(max-width: 244px) 100vw, 244px\" data-recalc-dims=\"1\" \/><\/a><\/p>\n<h3 style=\"text-align: left;\">Inhalt:<\/h3>\n<ul>\n<li>Stirnmensch<\/li>\n<li>Der Nichts\u2013als\u2013ein\u2013Kopf<\/li>\n<li>Der Brunnenzoll<\/li>\n<li>Der Arme, der Reiche und die zwei Schwestern<\/li>\n<li>Die beiden Betr\u00fcger<\/li>\n<li><a title=\"Wie einmal der Frosch dem Elefanten aus der Patsche half\" href=\"http:\/\/ulrichneininger.de\/?page_id=322\">Wie einmal der Frosch dem Elefanten aus der Patsche half &#8211; Leseprobe<\/a><\/li>\n<li>Die Wunschm\u00fchle<\/li>\n<li>Die verratene Nixe<\/li>\n<li>Die Wunderlampe<\/li>\n<li><a title=\"Der F\u00fcrst reist in den Himmel\" href=\"http:\/\/ulrichneininger.de\/?page_id=325\">Der F\u00fcrst reist in den Himmel &#8211; Leseprobe<\/a><\/li>\n<li><a title=\"Die Kachin und ihre Texte\" href=\"http:\/\/ulrichneininger.de\/?page_id=330\">Die Kachin und ihre Texte &#8211; Leseprobe<\/a><\/li>\n<\/ul>\n","protected":false},"excerpt":{"rendered":"<p>Am Abend sprach die Prinzessin zum Kopf:\u00a0\u201eKopf, mein Ge\u00admahl, lass uns zu Bett gehen. Ich schlie\u00dfe die Augen, und du kommst schnell aus deiner H\u00fclle heraus.\u201c Inhalt: Stirnmensch Der Nichts\u2013als\u2013ein\u2013Kopf Der Brunnenzoll Der Arme, der Reiche und die zwei Schwestern &hellip; <a href=\"https:\/\/ulrichneininger.de\/?page_id=314\">Weiterlesen <span class=\"meta-nav\">&rarr;<\/span><\/a><\/p>\n","protected":false},"author":2,"featured_media":0,"parent":57,"menu_order":0,"comment_status":"closed","ping_status":"closed","template":"","meta":{"spay_email":"","footnotes":""},"jetpack_sharing_enabled":true,"jetpack_shortlink":"https:\/\/wp.me\/P6Wjv0-54","jetpack-related-posts":[{"id":322,"url":"https:\/\/ulrichneininger.de\/?page_id=322","url_meta":{"origin":314,"position":0},"title":"Wie einmal der Frosch dem Elefanten aus der Patsche half","date":"14. Mai 2012","format":false,"excerpt":"Der Elefant und der Tiger gerieten eines Tages in Streit dar\u00fcber, wen die Menschen mehr f\u00fcrchten. \u201eMich,\u201c, meinte der Tiger, \u201ef\u00fcrchten sie am meisten. Vor meinen gewaltigen Tatzen zittern sie, und mein markersch\u00fctterndes Br\u00fcllen treibt sie in die Flucht.\u201c Der Elefant aber widersprach: \u201eKein Tier ist so gro\u00df und stark\u2026","rel":"","context":"\u00c4hnlicher Beitrag","img":{"alt_text":"","src":"","width":0,"height":0},"classes":[]},{"id":1270,"url":"https:\/\/ulrichneininger.de\/?page_id=1270","url_meta":{"origin":314,"position":1},"title":"Wie eine Frau zur Herrscherin \u00fcber die Welt ausgerufen wurde. M\u00e4rchen des Wa-Volkes (in Vorbereitung).","date":"7. Februar 2013","format":false,"excerpt":"Das Reissch\u00e4chtelchen \u00a0 In einem Dorf lebten vor langer Zeit Nachbarn vom Volk der Wa und vom Volk der Dai, die versuchten, einander durch gute Werke zu \u00fcbertreffen. Im Dorf wohnte auch ein junger Wa, der arm und stark und flei\u00dfig war. Der sagte sich: \u201eDie reichen Dai opfern dem\u2026","rel":"","context":"\u00c4hnlicher Beitrag","img":{"alt_text":"","src":"","width":0,"height":0},"classes":[]},{"id":325,"url":"https:\/\/ulrichneininger.de\/?page_id=325","url_meta":{"origin":314,"position":2},"title":"Der F\u00fcrst reist in den Himmel","date":"14. Mai 2012","format":false,"excerpt":"An einem See wohnte ein armer Waisenjunge namens Lathoi. Der m\u00e4hte tags\u00fcber f\u00fcr die reichen Familien Gras, h\u00fctete ihre Pferde, schlug Brennholz und rodete die Felder. Abends am See aber spielte er auf der Bambusfl\u00f6te, zur Freude aller, die seinem Spiel zuh\u00f6rten. Einmal, in einer hellen Mondnacht, \u00f6ffnete sich mitten\u2026","rel":"","context":"\u00c4hnlicher Beitrag","img":{"alt_text":"","src":"","width":0,"height":0},"classes":[]},{"id":330,"url":"https:\/\/ulrichneininger.de\/?page_id=330","url_meta":{"origin":314,"position":3},"title":"Die Kachin und ihre Texte","date":"14. Mai 2012","format":false,"excerpt":"Aus der Sicht der chinesischen Statistiker sind die Verh\u00e4ltnisse einfach zu \u00fcberschauen: Am 1. November 2000 lebten auf dem Gebiet der Volksrepublik China 634.912 Menschen, die sich zum Volk der Lisu und 132.143 Menschen, die sich zu den Jinghpaw z\u00e4hlten. In Birma, wo die Verh\u00e4ltnisse un\u00fcbersichtlicher und Volksz\u00e4hlungen unbekannt sind,\u2026","rel":"","context":"\u00c4hnlicher Beitrag","img":{"alt_text":"","src":"","width":0,"height":0},"classes":[]},{"id":2314,"url":"https:\/\/ulrichneininger.de\/","url_meta":{"origin":314,"position":4},"title":"&nbsp;AUFS\u00c4TZE VON ULRICH NEININGER &nbsp;\u2026","date":"29. M\u00e4rz 2016","format":false,"excerpt":"\u00a0AUFS\u00c4TZE VON ULRICH NEININGER \u00a0 \u00a0 \u00a0 \u00a0 \u00a0 (1.) http:\/\/ulrichneininger.de\/?p=1568 \u00a0 \u00a0 \u00a0 (2.) http:\/\/ulrichneininger.de\/?p=461 \u00a0 \u00a0 \u00a0 (3.)\u00a0 http:\/\/ulrichneininger.de\/?p=363 English Version: (3.a) http:\/\/ulrichneininger.de\/?p=2532 \u00a0 (4.)\u00a0 http:\/\/ulrichneininger.de\/?p=574 \u00a0 (5.) http:\/\/ulrichneininger.de\/?p=420 \u00a0 \u00a0 \u00a0 \u00a0 \u00a0 \u00a0 \u00a0 \u00a0 \u00a0 (6.) http:\/\/ulrichneininger.de\/?p=513 \u00a0 (7.) http:\/\/ulrichneininger.de\/?p=405 (8.) http:\/\/ulrichneininger.de\/?p=2860 \u00a0 \u00a0 \u00a0\u2026","rel":"","context":"\u00c4hnlicher Beitrag","img":{"alt_text":"","src":"https:\/\/i0.wp.com\/ulrichneininger.de\/wordpress\/wp-content\/uploads\/2016\/03\/fenshukengru-280x300.png?resize=350%2C200","width":350,"height":200},"classes":[]},{"id":143,"url":"https:\/\/ulrichneininger.de\/?page_id=143","url_meta":{"origin":314,"position":5},"title":"eBooks","date":"3. M\u00e4rz 2012","format":false,"excerpt":"erh\u00e4ltlich auf Amazon: \u00a0 M\u00e4rchen der V\u00f6lker im Grenzgebiet von China, Birma und Laos: \u00a0 Band1:\u00a0Der Nichts\u2013als\u2013ein\u2013Kopf M\u00e4rchen der Kachin Auf Amazon als eBook erh\u00e4ltlich \u00a0 \u00a0","rel":"","context":"\u00c4hnlicher Beitrag","img":{"alt_text":"","src":"","width":0,"height":0},"classes":[]}],"_links":{"self":[{"href":"https:\/\/ulrichneininger.de\/index.php?rest_route=\/wp\/v2\/pages\/314"}],"collection":[{"href":"https:\/\/ulrichneininger.de\/index.php?rest_route=\/wp\/v2\/pages"}],"about":[{"href":"https:\/\/ulrichneininger.de\/index.php?rest_route=\/wp\/v2\/types\/page"}],"author":[{"embeddable":true,"href":"https:\/\/ulrichneininger.de\/index.php?rest_route=\/wp\/v2\/users\/2"}],"replies":[{"embeddable":true,"href":"https:\/\/ulrichneininger.de\/index.php?rest_route=%2Fwp%2Fv2%2Fcomments&post=314"}],"version-history":[{"count":29,"href":"https:\/\/ulrichneininger.de\/index.php?rest_route=\/wp\/v2\/pages\/314\/revisions"}],"predecessor-version":[{"id":2351,"href":"https:\/\/ulrichneininger.de\/index.php?rest_route=\/wp\/v2\/pages\/314\/revisions\/2351"}],"up":[{"embeddable":true,"href":"https:\/\/ulrichneininger.de\/index.php?rest_route=\/wp\/v2\/pages\/57"}],"wp:attachment":[{"href":"https:\/\/ulrichneininger.de\/index.php?rest_route=%2Fwp%2Fv2%2Fmedia&parent=314"}],"curies":[{"name":"wp","href":"https:\/\/api.w.org\/{rel}","templated":true}]}}